{"id":22,"date":"2024-10-28T09:54:40","date_gmt":"2024-10-28T15:54:40","guid":{"rendered":"https:\/\/gestar.com.mx\/web\/home\/"},"modified":"2024-11-09T10:17:33","modified_gmt":"2024-11-09T16:17:33","slug":"inicio","status":"publish","type":"page","link":"https:\/\/gestar.com.mx\/web\/","title":{"rendered":"INICIO"},"content":{"rendered":"\n\n\n\n\n \n\n\n\n\n\n\n\n \n\n\n\n\n\n\n\n \n\n\n\n\n\n\n\n<h2>HISTORIA<\/h2>\n\n\n\n\n\n<p><strong>GESTAR ELECTRODOMESTICOS<\/strong>\u00a0es una empresa <strong>100%\u00a0mexicana <\/strong> con m\u00e1s de 40 a\u00f1os en el mercado nacional e internacional. Nuestra empresa es l\u00edder indiscutible en M\u00e9xico en el ramo de enseres menores dirigidos a aquellos segmentos que buscan precios justos con productos de gran calidad, as\u00ed mismo contamos con variedad de productos y marcas orientados a tiendas departamentales<\/p>\n\n\n\n\n\n\n\n<h2>MISION<\/h2>\n\n\n\n\n\n<p>Nuestro equipo humano est\u00e1 comprometido con la mejora continua, trabajando en un ambiente organizacional positivo y de alto rendimiento, cumpliendo en todo momento con todas las expectativas de nuestros clientes y comunidad en general.<\/p>\n\n\n\n\n\n<h2>VISION<\/h2>\n\n\n\n\n\n<p>Ser la empresa l\u00edder en ventas de electrodom\u00e9sticos de primer precio en el pa\u00eds, respaldados por un gran equipo de trabajo, aplicando mejoras continuas en todas las \u00e1reas para ofrecerle productos de calidad a un costo adecuado.<\/p>\n\n\n\n\n\n\n\n<h2>VALORES<\/h2>\n\n\n\n\n\n<strong>Honestidad:<\/strong><br>D\u00e1ndole a nuestros clientes productos realmente funcionales.<br><br><strong>Compromiso:<\/strong><br>De trabajar d\u00eda a d\u00eda en productos que cumplan todos los requisitos que el ritmo de vida de la gente exige.<br><br><strong>Responsabilidad:<\/strong><br>Utilizando productos de la mejor calidad y supervisando en todo momento los procesos para poderle entregar al cliente art\u00edculos seguros y confiables.<br><br><strong>Dedicaci\u00f3n:<\/strong><br>Siempre buscando la satisfacci\u00f3n de nuestros clientes.<br><br><strong>Servicio:<\/strong><br>No descuidando en ning\u00fan momento la funcionalidad de nuestros productos aun con el paso del tiempo y de la compra.\n\n\n","protected":false},"excerpt":{"rendered":"","protected":false},"author":1,"featured_media":0,"parent":0,"menu_order":0,"comment_status":"closed","ping_status":"closed","template":"","meta":{"pagelayer_contact_templates":[],"_pagelayer_content":"","footnotes":""},"class_list":["post-22","page","type-page","status-publish","hentry"],"_links":{"self":[{"href":"https:\/\/gestar.com.mx\/web\/wp-json\/wp\/v2\/pages\/22","targetHints":{"allow":["GET"]}}],"collection":[{"href":"https:\/\/gestar.com.mx\/web\/wp-json\/wp\/v2\/pages"}],"about":[{"href":"https:\/\/gestar.com.mx\/web\/wp-json\/wp\/v2\/types\/page"}],"author":[{"embeddable":true,"href":"https:\/\/gestar.com.mx\/web\/wp-json\/wp\/v2\/users\/1"}],"replies":[{"embeddable":true,"href":"https:\/\/gestar.com.mx\/web\/wp-json\/wp\/v2\/comments?post=22"}],"version-history":[{"count":49,"href":"https:\/\/gestar.com.mx\/web\/wp-json\/wp\/v2\/pages\/22\/revisions"}],"predecessor-version":[{"id":439,"href":"https:\/\/gestar.com.mx\/web\/wp-json\/wp\/v2\/pages\/22\/revisions\/439"}],"wp:attachment":[{"href":"https:\/\/gestar.com.mx\/web\/wp-json\/wp\/v2\/media?parent=22"}],"curies":[{"name":"wp","href":"https:\/\/api.w.org\/{rel}","templated":true}]}}