{"id":451,"date":"2026-01-06T10:10:38","date_gmt":"2026-01-06T16:10:38","guid":{"rendered":"https:\/\/gestar.com.mx\/web\/?page_id=451"},"modified":"2026-01-06T10:10:38","modified_gmt":"2026-01-06T16:10:38","slug":"aviso-de-privacidad-y-manejo-de-datos-personales","status":"publish","type":"page","link":"https:\/\/gestar.com.mx\/web\/aviso-de-privacidad-y-manejo-de-datos-personales\/","title":{"rendered":"AVISO DE PRIVACIDAD Y MANEJO DE DATOS PERSONALES"},"content":{"rendered":"\n<p>Estimado usuario, estamos conscientes de la importancia de proteger correctamente sus datos personales, por ello y en congruencia con lo establecido en la Ley Federal de Protecci\u00f3n de Datos Personales en Posesi\u00f3n de los Particulares (<strong>LFPDPPP<\/strong>),<strong> GESTAR ELECTRODOM\u00c9STICOS, S.A. DE CV.,<\/strong> tambi\u00e9n conocido de manera comercial como \u201c<strong>GESTAR<\/strong>\u201d, en su calidad de responsable, pone a su disposici\u00f3n el siguiente <strong>AVISO DE PRIVACIDAD,<\/strong> a fin de que tenga pleno conocimiento sobre el tratamiento que se le dar\u00e1 a sus datos personales, as\u00ed como facilitarle el ejercicio de los derechos que la <strong>LFPDPPP<\/strong> le otorga.<\/p>\n\n\n\n<p><strong><u>1.- Datos Personales Tratados.<\/u><\/strong><\/p>\n\n\n\n<p>Los datos personales que podremos solicitar por este medio o en futura circunstancia ser\u00e1n: nombre, domicilio, tel\u00e9fono, fecha de nacimiento, g\u00e9nero, correo electr\u00f3nico, estado civil, ocupaci\u00f3n o profesi\u00f3n.<\/p>\n\n\n\n<p>Cabe mencionar que todos los datos personales antes rese\u00f1ados son indispensables para que <strong>GESTAR ELECTRODOM\u00c9STICOS, S.A. DE CV. <\/strong>pueda llevar a cabo correctamente las operaciones, estudios, m\u00e9trica y an\u00e1lisis de las condiciones de trabajo, prospecci\u00f3n, venta, compra internacional y nacional, ambiente laboral, factores de riesgos psicosociales, tendencias e identificaci\u00f3n de oportunidades de mejora respecto de su persona con su empresa y entorno particular.<\/p>\n\n\n\n<p><strong><u>2.- Finalidades del Tratamiento.<\/u><\/strong><\/p>\n\n\n\n<ol class=\"wp-block-list\">\n<li>Sus datos personales son tratados exclusivamente para las siguientes finalidades:<\/li>\n\n\n\n<li>Identificaci\u00f3n y verificaci\u00f3n de datos.<\/li>\n\n\n\n<li>Contacto.<\/li>\n\n\n\n<li>An\u00e1lisis de tendencias sobre temas de ambiente laboral, condiciones de trabajo, perfil psicol\u00f3gico y cualquier otra necesidad identificada.<\/li>\n\n\n\n<li>Organizaci\u00f3n sistem\u00e1tica de respuestas, conservando su confidencialidad.<\/li>\n\n\n\n<li>Elaboraci\u00f3n de reportes de acuerdo a perfiles (datos como ocupaci\u00f3n, edad, estado civil).<\/li>\n<\/ol>\n\n\n\n<p><strong><u>3.- Limitaci\u00f3n de uso y divulgaci\u00f3n de informaci\u00f3n.<\/u><\/strong><\/p>\n\n\n\n<p>En caso de que usted no desee que sus datos personales sean tratados para las finalidades comerciales y de promoci\u00f3n antes descritas, usted podr\u00e1 contactarnos en cualquier momento, para limitar dicho tratamiento, a trav\u00e9s de nuestro correo electr\u00f3nico: <a href=\"mailto:servicios@gestar.com.mx\">servicios@gestar.com.mx<\/a><\/p>\n\n\n\n<p>As\u00ed mismo, Usted podr\u00e1 manifestar la negativa al tratamiento de sus datos personales directamente ante la Unidad de Transparencia del Instituto de Transparencia, Acceso a la Informaci\u00f3n P\u00fablica, Protecci\u00f3n de Datos Personales y Rendici\u00f3n de Cuentas de la Ciudad de M\u00e9xico, ubicada en Calle La Morena 865, Col. Narvarte Poniente, C.P. 03020, Ciudad de M\u00e9xico, con n\u00famero telef\u00f3nico.55-56-36-2120<\/p>\n\n\n\n<p><strong><u>4.- Mecanismos de Seguridad.<\/u><\/strong><\/p>\n\n\n\n<p>Para garantizar el correcto resguardo de sus datos personales y para dar pleno cumplimiento a las obligaciones que la LFPDPPP establece en la materia, se le informa que <strong>GESTAR ELECTRODOM\u00c9STICOS, S.A. DE CV. <\/strong>tiene implementadas las medidas de seguridad administrativas, t\u00e9cnicas y f\u00edsicas necesarias y suficientes para la correcta protecci\u00f3n de sus datos personales.<\/p>\n\n\n\n<p><strong><u>5.- Revocaci\u00f3n del Consentimiento.<\/u><\/strong><\/p>\n\n\n\n<p>Usted podr\u00e1 revocar en cualquier momento su consentimiento para el tratamiento que <strong>GESTAR ELECTRODOM\u00c9STICOS, S.A. DE CV. <\/strong>hace uso de sus datos personales por medio de un correo electr\u00f3nico <a href=\"mailto:servicios@gestar.com.mx\">servicios@gestar.com.mx<\/a> misma que deber\u00e1 contener por lo menos:<\/p>\n\n\n\n<ol style=\"list-style-type:lower-alpha\" class=\"wp-block-list\">\n<li>Nombre y domicilio u otro medio para comunicarle la respuesta a su solicitud.<\/li>\n\n\n\n<li>los documentos que acrediten su identidad o, en su caso, identificaci\u00f3n oficial<\/li>\n\n\n\n<li>vigente.<\/li>\n\n\n\n<li>La descripci\u00f3n clara y precisa de los datos personales respecto de los que revoca su<\/li>\n\n\n\n<li>consentimiento para el tratamiento.<\/li>\n\n\n\n<li>La manifestaci\u00f3n expresa para revocar su consentimiento al tratamiento de sus<\/li>\n\n\n\n<li>datos personales y por tanto, para que no se suspenda su uso.<\/li>\n\n\n\n<li>Cualquier otro elemento que facilite la localizaci\u00f3n de los datos personales<\/li>\n\n\n\n<li>correspondientes.<\/li>\n\n\n\n<li>Cambios al <strong>AVISO DE PRIVACIDAD<\/strong><\/li>\n<\/ol>\n\n\n\n<p><strong>GESTAR ELECTRODOM\u00c9STICOS, S.A. DE CV. <\/strong>se reserva el derecho de cambiar el contenido del presente <strong>AVISO DE PRIVACIDAD<\/strong> en cualquier momento. En caso de que exista alg\u00fan cambio en este <strong>AVISO DE PRIVACIDAD<\/strong>, se le comunicar\u00e1 a trav\u00e9s de los medios de contacto establecidos previamente.<\/p>\n\n\n\n<p><strong><u>8.- Aceptaci\u00f3n de los t\u00e9rminos.<\/u><\/strong><\/p>\n\n\n\n<p>Esta declaraci\u00f3n de Confidencialidad\/Privacidad constituye un acuerdo legal entre el usuario y <strong>GESTAR ELECTRODOM\u00c9STICOS, S.A. DE CV. <\/strong>Si el usuario utiliza los servicios de este sitio web, significa que ha le\u00eddo, entendido y consentido los t\u00e9rminos antes expuestos.<\/p>\n\n\n\n<p><strong><u>9.- Autoridad.<\/u><\/strong><\/p>\n\n\n\n<p>Si el usuario considera que han sido vulnerados sus derechos respecto de la protecci\u00f3n de datos personales tiene el derecho de acudir a la autoridad correspondiente para defender su ejercicio. La autoridad es el Instituto Nacional de Transparencia, Acceso a la Informaci\u00f3n y Protecci\u00f3n de Datos Personales (<strong>INAI<\/strong>). Su sitio es: inicio.ifai.org.mx<\/p>\n\n\n\n<p><strong><u>10.- Conformidad.<\/u><\/strong><\/p>\n\n\n\n<p>Para tales efectos, manifiesto que tengo pleno conocimiento del contenido del <strong>AVISO DE PRIVACIDAD<\/strong> Integral relativo al tratamiento de mis datos personales y que me encuentro plenamente informado del nombre, domicilio y tel\u00e9fono del Responsable del tratamiento de mis datos personales; del fundamento legal que lo faculta para llevarlo a cabo; de los datos personales que ser\u00e1n recabados, seg\u00fan sea el caso; de la finalidad de su tratamiento; del ciclo de vida de los mismos; de los mecanismos, medios y procedimientos disponibles para ejercer mis derechos de Acceso, Rectificaci\u00f3n, Cancelaci\u00f3n y Oposici\u00f3n <strong>(DERECHOS ARCO)<\/strong> as\u00ed como de revocaci\u00f3n de mi consentimiento; y del domicilio de la Unidad de Transparencia ante la cual puedo hacerlos valer.<\/p>\n\n\n\n<p><\/p>\n","protected":false},"excerpt":{"rendered":"<p>Estimado usuario, estamos conscientes de la importancia de proteger correctamente sus datos personales, por ello y en congruencia con lo establecido en la Ley Federal de Protecci\u00f3n de Datos Personales en Posesi\u00f3n de los Particulares (LFPDPPP), GESTAR ELECTRODOM\u00c9STICOS, S.A. DE CV., tambi\u00e9n conocido de manera comercial como \u201cGESTAR\u201d, en su calidad de responsable, pone a [&hellip;]<\/p>\n","protected":false},"author":1,"featured_media":390,"parent":0,"menu_order":0,"comment_status":"closed","ping_status":"closed","template":"","meta":{"pagelayer_contact_templates":[],"_pagelayer_content":"","footnotes":""},"class_list":["post-451","page","type-page","status-publish","has-post-thumbnail","hentry"],"_links":{"self":[{"href":"https:\/\/gestar.com.mx\/web\/wp-json\/wp\/v2\/pages\/451","targetHints":{"allow":["GET"]}}],"collection":[{"href":"https:\/\/gestar.com.mx\/web\/wp-json\/wp\/v2\/pages"}],"about":[{"href":"https:\/\/gestar.com.mx\/web\/wp-json\/wp\/v2\/types\/page"}],"author":[{"embeddable":true,"href":"https:\/\/gestar.com.mx\/web\/wp-json\/wp\/v2\/users\/1"}],"replies":[{"embeddable":true,"href":"https:\/\/gestar.com.mx\/web\/wp-json\/wp\/v2\/comments?post=451"}],"version-history":[{"count":1,"href":"https:\/\/gestar.com.mx\/web\/wp-json\/wp\/v2\/pages\/451\/revisions"}],"predecessor-version":[{"id":452,"href":"https:\/\/gestar.com.mx\/web\/wp-json\/wp\/v2\/pages\/451\/revisions\/452"}],"wp:featuredmedia":[{"embeddable":true,"href":"https:\/\/gestar.com.mx\/web\/wp-json\/wp\/v2\/media\/390"}],"wp:attachment":[{"href":"https:\/\/gestar.com.mx\/web\/wp-json\/wp\/v2\/media?parent=451"}],"curies":[{"name":"wp","href":"https:\/\/api.w.org\/{rel}","templated":true}]}}